{"id":26,"date":"2016-08-01T17:04:45","date_gmt":"2016-08-01T17:04:45","guid":{"rendered":"http:\/\/ak-naturgefahr.web.th-koeln.de\/?page_id=26"},"modified":"2026-03-26T15:21:32","modified_gmt":"2026-03-26T15:21:32","slug":"kontakt","status":"publish","type":"page","link":"https:\/\/ak-naturgefahr.web.th-koeln.de\/?page_id=26","title":{"rendered":"Kontakt"},"content":{"rendered":"<h3>Sprecher des Arbeitskreises<\/h3>\n<p>Andreas Mayer (Universit\u00e4t Innsbruck), Alexandra Titz (Universit\u00e4t Erlangen), Emlyn Young (Ludwig-Maximilians-Universit\u00e4t M\u00fcnchen)<\/p>\n<p>siehe https:\/\/www.ak-naturgefahren.eu\/about-2<\/p>\n","protected":false},"excerpt":{"rendered":"<p>Sprecher des Arbeitskreises Andreas Mayer (Universit\u00e4t Innsbruck), Alexandra Titz (Universit\u00e4t Erlangen), Emlyn Young (Ludwig-Maximilians-Universit\u00e4t M\u00fcnchen) siehe https:\/\/www.ak-naturgefahren.eu\/about-2<\/p>\n","protected":false},"author":1,"featured_media":0,"parent":0,"menu_order":0,"comment_status":"closed","ping_status":"closed","template":"","meta":{"footnotes":""},"class_list":["post-26","page","type-page","status-publish","hentry"],"_links":{"self":[{"href":"https:\/\/ak-naturgefahr.web.th-koeln.de\/index.php?rest_route=\/wp\/v2\/pages\/26","targetHints":{"allow":["GET"]}}],"collection":[{"href":"https:\/\/ak-naturgefahr.web.th-koeln.de\/index.php?rest_route=\/wp\/v2\/pages"}],"about":[{"href":"https:\/\/ak-naturgefahr.web.th-koeln.de\/index.php?rest_route=\/wp\/v2\/types\/page"}],"author":[{"embeddable":true,"href":"https:\/\/ak-naturgefahr.web.th-koeln.de\/index.php?rest_route=\/wp\/v2\/users\/1"}],"replies":[{"embeddable":true,"href":"https:\/\/ak-naturgefahr.web.th-koeln.de\/index.php?rest_route=%2Fwp%2Fv2%2Fcomments&post=26"}],"version-history":[{"count":8,"href":"https:\/\/ak-naturgefahr.web.th-koeln.de\/index.php?rest_route=\/wp\/v2\/pages\/26\/revisions"}],"predecessor-version":[{"id":216,"href":"https:\/\/ak-naturgefahr.web.th-koeln.de\/index.php?rest_route=\/wp\/v2\/pages\/26\/revisions\/216"}],"wp:attachment":[{"href":"https:\/\/ak-naturgefahr.web.th-koeln.de\/index.php?rest_route=%2Fwp%2Fv2%2Fmedia&parent=26"}],"curies":[{"name":"wp","href":"https:\/\/api.w.org\/{rel}","templated":true}]}}