{"id":2,"date":"2016-05-10T03:48:21","date_gmt":"2016-05-10T03:48:21","guid":{"rendered":"http:\/\/wp452m.a10-52-158-154.qa.plesk.ru\/wordpress\/?page_id=2"},"modified":"2026-03-26T15:19:37","modified_gmt":"2026-03-26T15:19:37","slug":"sample-page","status":"publish","type":"page","link":"https:\/\/ak-naturgefahr.web.th-koeln.de\/","title":{"rendered":"Startseite"},"content":{"rendered":"<h1 class=\"documentFirstHeading\"><span id=\"parent-fieldname-title\" class=\"\"> Der Arbeitskreis Naturgefahren und Naturrisiken <\/span><\/h1>\n<div id=\"plone-document-byline\" class=\"documentByLine\"><\/div>\n<div id=\"parent-fieldname-text\" class=\"plain\">\n<p><strong>hat eine neue Webseite: <a href=\"https:\/\/www.ak-naturgefahren.eu\/\">https:\/\/www.ak-naturgefahren.eu\/<\/a><\/strong><\/p>\n<p><em>Hier bleibt noch f\u00fcr eine gewisse \u00dcbergangszeit die alte Webseite bestehen, ohne jedoch aktualisiert zu werden, ab April 2026.<\/em><\/p>\n<p>&nbsp;<\/p>\n<p>Der Arbeitskreis Naturgefahren und Naturrisiken der Deutschen Gesellschaft f\u00fcr Geographie (DGfG) ist seit seiner konstituierenden Sitzung 1997 ein offenes Forum, das dem thematischen Austausch von Wissenschaftlern*, Studenten und Praktikern dient, die im Bereich der Naturgefahren und \u2013risikoforschung t\u00e4tig oder daran interessiert sind.<\/p>\n<p>Seinem Selbstverst\u00e4ndnis folgend ist der Arbeitskreis ein integratives Forum, das sowohl physiogeographischen als auch sozialgeographischen Ans\u00e4tzen Raum bietet. Das unterschiedliche Begriffsverst\u00e4ndnis von &#8222;Naturgefahr&#8220; und &#8222;Naturrisiko&#8220; veranschaulicht die Verschiedenheit naturwissenschaftlicher und sozialwissenschaftlicher Zug\u00e4nge. F\u00fcr Naturwissenschaftler ist ein Lawinenabgang in unbewohntem Gebiet ein &#8222;Naturereignis&#8220; und wird in einem besiedeltem Gebiet zu einer &#8222;Naturgefahr&#8220;. F\u00fcr den naturwissenschaftlich forschenden Geographen stehen daher die Auseinandersetzung mit den geologischen, pedologischen, klimatologischen, hydrologischen und geomorphologischen Prozessen und deren Wirkungen auf besiedelte Gebiete beispielsweise im Falle eines Lawinenabgangs im Vordergrund. Das vorwiegende Interesse der sozialwissenschaftlich forschenden Geographen liegt hingegen weniger in der direkten Beobachtung von Naturgefahren, als vielmehr in der Auseinandersetzung mit dem Umgang des potentiellen (oder bereits eingetretenen) &#8222;Naturrisikos&#8220; durch den Menschen. Es sind vor allem Verwundbarkeiten, Wahrnehmungen und Management- und Governancefragen, die bei der Analyse im Vordergrund stehen.<\/p>\n<p>&nbsp;<\/p>\n<h3>Der Arbeitskreis ist ein offenes Forum f\u00fcr<\/h3>\n<ul>\n<li>Wissenschaftler und Studenten der Universit\u00e4ten und Forschungseinrichtungen<\/li>\n<li>Staatliche Beh\u00f6rden und Institutionen<\/li>\n<li>Private Dienstleister (Planer, Versicherer, etc.)<\/li>\n<li>Privatpersonen<\/li>\n<\/ul>\n<\/div>\n<p>Anmeldungen f\u00fcr unseren Emailverteiler und Anfragen bitte an die Sprecher unter &#8222;Kontakte&#8220;<\/p>\n<div id=\"parent-fieldname-text\" class=\"plain\">\n<h3>Ziele des Arbeitskreises sind<\/h3>\n<ul>\n<li>Die F\u00f6rderung des interdisziplin\u00e4ren Austausches<\/li>\n<li>Die Anwendung und Implementierung anthropo- und physiogeographischer Erkenntnisse in die Naturgefahren- und Naturrisikoforschung<\/li>\n<li>Ein Diskussionsforum f\u00fcr semantische, methodische und theoretische Fragen zu bieten<\/li>\n<li>Die Aufbereitung des Forschungsstandes und -bedarfs von Seiten der Wissenschaft und Praxis<\/li>\n<li>Die interne Kommunikation und Information zu gew\u00e4hleisten (Veranstaltungen, Projekte, Netzwerke) sowie \u00d6ffentlichkeitsarbeit zu betreiben (Presse, Beitr\u00e4ge f\u00fcr den Rundbrief Geographie des VGDH, etc.)<\/li>\n<\/ul>\n<p>&nbsp;<\/p>\n<p><strong><a href=\"http:\/\/ak-naturgefahr.web.th-koeln.de\/?page_id=11\">Der Arbeitskreis trifft sich einmal j\u00e4hrlich und hei\u00dft alle Interessierten willkommen<\/a>.<\/strong><\/p>\n<p>&nbsp;<\/p>\n<p>* Bei einigen Texten wurde bislang aus Gr\u00fcnden der Lesbarkeit auf eine geschlechtsneutrale Formulierung verzichtet. Es sind jedoch immer alle Geschlechter im Sinne der Gleichbehandlung angesprochen.<\/p>\n<\/div>\n","protected":false},"excerpt":{"rendered":"<p>Der Arbeitskreis Naturgefahren und Naturrisiken hat eine neue Webseite: https:\/\/www.ak-naturgefahren.eu\/ Hier bleibt noch f\u00fcr eine gewisse \u00dcbergangszeit die alte Webseite bestehen, ohne jedoch aktualisiert zu werden, ab April 2026. &nbsp; Der Arbeitskreis Naturgefahren und Naturrisiken der Deutschen Gesellschaft f\u00fcr Geographie <a href=\"https:\/\/ak-naturgefahr.web.th-koeln.de\/\" class=\"read-more\">Read More &#8230;<\/a><\/p>\n","protected":false},"author":1,"featured_media":0,"parent":0,"menu_order":0,"comment_status":"closed","ping_status":"closed","template":"","meta":{"footnotes":""},"class_list":["post-2","page","type-page","status-publish","hentry"],"_links":{"self":[{"href":"https:\/\/ak-naturgefahr.web.th-koeln.de\/index.php?rest_route=\/wp\/v2\/pages\/2","targetHints":{"allow":["GET"]}}],"collection":[{"href":"https:\/\/ak-naturgefahr.web.th-koeln.de\/index.php?rest_route=\/wp\/v2\/pages"}],"about":[{"href":"https:\/\/ak-naturgefahr.web.th-koeln.de\/index.php?rest_route=\/wp\/v2\/types\/page"}],"author":[{"embeddable":true,"href":"https:\/\/ak-naturgefahr.web.th-koeln.de\/index.php?rest_route=\/wp\/v2\/users\/1"}],"replies":[{"embeddable":true,"href":"https:\/\/ak-naturgefahr.web.th-koeln.de\/index.php?rest_route=%2Fwp%2Fv2%2Fcomments&post=2"}],"version-history":[{"count":6,"href":"https:\/\/ak-naturgefahr.web.th-koeln.de\/index.php?rest_route=\/wp\/v2\/pages\/2\/revisions"}],"predecessor-version":[{"id":215,"href":"https:\/\/ak-naturgefahr.web.th-koeln.de\/index.php?rest_route=\/wp\/v2\/pages\/2\/revisions\/215"}],"wp:attachment":[{"href":"https:\/\/ak-naturgefahr.web.th-koeln.de\/index.php?rest_route=%2Fwp%2Fv2%2Fmedia&parent=2"}],"curies":[{"name":"wp","href":"https:\/\/api.w.org\/{rel}","templated":true}]}}