{"id":19,"date":"2016-08-01T17:02:33","date_gmt":"2016-08-01T17:02:33","guid":{"rendered":"http:\/\/ak-naturgefahr.web.th-koeln.de\/?page_id=19"},"modified":"2024-05-05T10:11:18","modified_gmt":"2024-05-05T10:11:18","slug":"gemeinsame-publikationen","status":"publish","type":"page","link":"https:\/\/ak-naturgefahr.web.th-koeln.de\/?page_id=19","title":{"rendered":"Ver\u00f6ffentlichungen"},"content":{"rendered":"<div id=\"parent-fieldname-text\" class=\"plain\">\n<p>Ziel des Arbeitskreises ist es, seine Diskussionen und Ergebnisse einem breiteren Publikum zug\u00e4nglich zu machen und die aktuelle nationale und internationale wissenschaftliche Diskussion zu dokumentieren und beeinflussen. Daher sind in der Vergangenheit aus einzelnen Treffen des Arbeitskreises und ihren jeweiligen thematischen Schwerpunkten immer wieder gemeinsame Publikationen in Sonderb\u00e4nden von Zeitschriften entstanden. Dar\u00fcber hinaus ver\u00f6ffentlichen Mitwirkende des Arbeitskreises gemeinsam Publikation in Form von herausgegebenen B\u00fcchern, gemeinsamen Buchpublikationen und Zeitschriftenbeitr\u00e4gen.<\/p>\n<h3>Gemeinsame Publikationen<\/h3>\n<p>Als Ergebnis aus dem 32. Treffen des Arbeitskreises in Kiel (2019) und gemeinsamen weiteren Diskussionen des AK im Rahmen der online #GeoWoche 2020 und weiteren (online) Treffen entstand die Ver\u00f6ffentlichung:<\/p>\n<ul>\n<li>Fekete, A.; S. Fuchs; M. Garschagen; G. Hutter; S. Klepp; C. L\u00fcder; T. Neise; D. Sett; K. von Elverfeldt; and M. Wannewitz. 2022. <a href=\"https:\/\/www.sciencedirect.com\/science\/article\/pii\/S0264837722002575\">Adjustment or transformation? Disaster risk intervention examples from Austria, Indonesia, Kiribati and South Africa<\/a>. <em>Land Use Policy<\/em>120:106230.<\/li>\n<\/ul>\n<p>Resultierend aus dem 27. Treffen des Arbeitskreises in K\u00f6ln (2014) und seinem Thema &#8222;Macht Schaden klug? \u00dcberlegungen zu Wissen, Erfahrung und Lernen im Umgang mit Risiken&#8220; entstand 2015 in der K\u00f6lner Schriftenreihe <em>Integrative Risk and Security Research<\/em> ein Sammelband:<\/p>\n<ul>\n<li>Fekete, A, Grinda, C &amp; Norf, C (Eds.) (2015) <a href=\"http:\/\/nbn-resolving.de\/urn\/resolver.pl?urn:nbn:de:hbz:832-opus4-1549\" target=\"_blank\" rel=\"noopener noreferrer\">Macht allein Schaden klug? Wissen, Erfahrung und Lernen im Umgang mit Risiken \u2013 Beitr\u00e4ge aus Wissenschaft und Praxis zum 27. Treffen des Arbeitskreises Naturgefahren\/Naturrisiken<\/a>. Integrative Risk and Security Research, 3\/2015.<\/li>\n<\/ul>\n<p>Resultierend aus dem 20. Treffen des Arbeitskreises in Leipzig (2009) und seinem Thema &#8222;Ist Resilienz planbar?&#8220; ist ein Sonderband entstanden, der 2013 in der Zeitschrift Natural Hazards ver\u00f6ffentlicht wurde.<\/p>\n<ul>\n<li>Hutter, G.; Kuhlicke, C.; Glade, T.; Felgentreff, C. (2013) Natural hazards and resilience: exploring institutional and organisational dimensions of social resilience. Natural Hazards, <a class=\"external-link\" href=\"http:\/\/link.springer.com\/journal\/11069\/67\/1\/page\/1\">67(1)<\/a><\/li>\n<\/ul>\n<p>Resultierend aus einer Fachsitzung beim Deutschen Geographentag 2009 in Wien mit dem Titel &#8222;Vulnerabilit\u00e4t im Spannungfeld von natur- und sozialwissenschaftlichen Ans\u00e4tzen der Geographie&#8220; ist ein Sonderband entstanden, der 2011 in der Zeitschrift Natural Hazards ver\u00f6ffentlicht wurde.<\/p>\n<ul>\n<li>Fuchs, S.; Kuhlicke, C.; Meyer, V. (2011) Vulnerability to natural hazards: the challenge of integration. Natural Hazards <a class=\"external-link\" href=\"http:\/\/link.springer.com\/journal\/11069\/58\/2\/page\/1\">58 (2) <\/a><\/li>\n<\/ul>\n<p>Carsten Felgentreff und Thomas Glade haben 2008 eine gemeinsame Buchpublikation herausgegeben, in der Beitr\u00e4ge von Mitwirkenden des AKs enthalten sind. Die Publikation hat den Titel &#8222;Naturrisiken und Sozialkatastrophen&#8220; und bietet einen \u00dcberblick zu human- und physiogeographischen Ans\u00e4tzen zum Thema.<\/p>\n<ul>\n<li><a class=\"external-link\" href=\"http:\/\/www.amazon.de\/exec\/obidos\/ASIN\/3827415713\/geographdotde-21\">Felgentreff, C.; Glade, T. (Hrsg.) (2008) Naturrisiken und Sozialkatastrophen. Spektrum Akademischer Verlag, Heidelberg.<\/a><\/li>\n<\/ul>\n<p>Resultierend aus dem 12. Treffen des Arbeitskreises in Jena (2004) und seinem Thema &#8222;Von der Analyse nat\u00fcrlicher Prozesse zur gesellschaftlichen Praxis&#8220; ist ein Sammelband in der Reihe Praxis Kultur- und Sozialgeographie der Universit\u00e4t Potsdam entstanden.<\/p>\n<ul>\n<li>Felgentreff, C.; Glade T. (Hrsg.) (2004) Von der Analyse nat\u00fcrlicher Prozesse zur gesellschaftlichen Praxis. In: Praxis Kultur- und Sozialgeographie PKS 32. Institut f\u00fcr Geographie der Universit\u00e4t Potsdam, Universit\u00e4tsverlag Potsdam, Potsdam. [<a class=\"external-link\" href=\"http:\/\/opus.kobv.de\/ubp\/volltexte\/2010\/4341\/pdf\/PKS32.pdf\">Download, 111 MB<\/a>]<\/li>\n<\/ul>\n<\/div>\n<h3>Berichte, Calls und Programme der AK-Treffen<\/h3>\n<p>2024<\/p>\n<p><a href=\"https:\/\/ak-naturgefahr.web.th-koeln.de\/wp-content\/uploads\/2024\/05\/231220_Call-for-Papers_AK-NGNR-2024_MG.pdf\">231220_Call for Papers_AK NGNR 2024_MG<\/a><br \/><a href=\"https:\/\/ak-naturgefahr.web.th-koeln.de\/wp-content\/uploads\/2024\/05\/240429-30-Agenda_AK-NGNR-2024_Muenchen.pdf\">240429-30 Agenda_AK NGNR 2024_M\u00fcnchen<\/a><br \/><a href=\"https:\/\/ak-naturgefahr.web.th-koeln.de\/wp-content\/uploads\/2024\/05\/240430-Notes-AF-zum-AK-Treffen-in-Muenchen.docx\">240430 Notes AF zum AK Treffen in M\u00fcnchen<\/a><\/p>\n<p>2023<\/p>\n<p><a href=\"https:\/\/ak-naturgefahr.web.th-koeln.de\/wp-content\/uploads\/2024\/05\/230922-AKSitzung-am-DKG23-Bericht.pdf\">230922 AKSitzung am DKG23 Bericht<\/a><\/p>\n<p>2022<\/p>\n<p><a href=\"https:\/\/ak-naturgefahr.web.th-koeln.de\/wp-content\/uploads\/2024\/05\/220522-CfP_KatNet_AKNGNR_final.pdf\">220522 CfP_KatNet_AKNGNR_final<\/a> <br \/><a href=\"https:\/\/ak-naturgefahr.web.th-koeln.de\/wp-content\/uploads\/2024\/05\/220820-Programm_KatNet_AKNGNR_2022_08_20.pdf\">220820 Programm_KatNet_AKNGNR_2022_08_20<\/a><a href=\"https:\/\/ak-naturgefahr.web.th-koeln.de\/wp-content\/uploads\/2024\/05\/221009-Bericht-Transformationen-im-Bevoelkerungsschutz.pdf\">\u00a0<br \/>221009 Bericht Transformationen im Bev\u00f6lkerungsschutz<\/a><\/p>\n<p>2021<\/p>\n<p><a href=\"https:\/\/ak-naturgefahr.web.th-koeln.de\/wp-content\/uploads\/2024\/05\/210528-CfP-AK-NGNR-GeoWoche-2021.pdf\">210528 CfP AK NGNR GeoWoche 2021<\/a> <br \/><a href=\"https:\/\/ak-naturgefahr.web.th-koeln.de\/wp-content\/uploads\/2024\/05\/211008-2_DGfG-GeoWoche-Transformation2.pdf\">211008 2_DGfG-GeoWoche &#8211; Transformation2<\/a>\u00a0<\/p>\n<p>2020<\/p>\n<p><a href=\"https:\/\/ak-naturgefahr.web.th-koeln.de\/wp-content\/uploads\/2024\/05\/191223-CfP_AK-Sitzung_NGNR_2020.pdf\">191223 CfP_AK-Sitzung_NGNR_2020<\/a>\u00a0<\/p>\n<p>2019<\/p>\n<p><a href=\"https:\/\/ak-naturgefahr.web.th-koeln.de\/wp-content\/uploads\/2024\/05\/190702-CfP_AK-Sitzung_NGNR_2019.pdf\">190702 CfP_AK-Sitzung_NGNR_2019<\/a> <br \/><a href=\"https:\/\/ak-naturgefahr.web.th-koeln.de\/wp-content\/uploads\/2024\/05\/190913-Agenda-Arbeitskreissitzung-des-AK-Naturgefahren.pdf\">190913 Agenda &#8211; Arbeitskreissitzung des AK Naturgefahren<\/a> <br \/><a href=\"https:\/\/ak-naturgefahr.web.th-koeln.de\/wp-content\/uploads\/2024\/05\/191007-Bericht-32-Arbeitskreissitzung-des-AK-Naturgefahren.pdf\">191007 Bericht 32 Arbeitskreissitzung des AK Naturgefahren<\/a>\u00a0<\/p>\n<p>2018<\/p>\n<p><a href=\"https:\/\/ak-naturgefahr.web.th-koeln.de\/wp-content\/uploads\/2024\/05\/180329-CfP-AK-Treffen-Berlin-2018.pdf\">180329 CfP AK Treffen Berlin 2018<\/a> <br \/><a href=\"https:\/\/ak-naturgefahr.web.th-koeln.de\/wp-content\/uploads\/2024\/05\/180518-Entwurf-Positionspapier-AK-Naturgefahr.pdf\">180518 Entwurf Positionspapier AK Naturgefahr<\/a> <br \/><a href=\"https:\/\/ak-naturgefahr.web.th-koeln.de\/wp-content\/uploads\/2024\/05\/180920_Programm_AK-Naturgefahren_update.pdf\">180920_Programm_AK Naturgefahren_update<\/a><\/p>\n<p>2017<\/p>\n<p><a href=\"https:\/\/ak-naturgefahr.web.th-koeln.de\/wp-content\/uploads\/2024\/05\/170918-Programm_AKNGNR_2017.pdf\">170918 Programm_AKNGNR_2017<\/a> <br \/><a href=\"https:\/\/ak-naturgefahr.web.th-koeln.de\/wp-content\/uploads\/2024\/05\/171024-Zusammenfassung-30-AK.pdf\">171024 Zusammenfassung-30-AK<\/a>\u00a0<\/p>\n<p>2016<\/p>\n<p><a href=\"https:\/\/ak-naturgefahr.web.th-koeln.de\/wp-content\/uploads\/2024\/05\/160828-Call_AK-Naturgefahren-und-risiken_15.-u.-16.09.2016_Bonn.pdf\">160828 Call_AK Naturgefahren und -risiken_15. u. 16.09.2016_Bonn<\/a><br \/><a href=\"https:\/\/ak-naturgefahr.web.th-koeln.de\/wp-content\/uploads\/2024\/05\/160828-Programm_AK-Naturgefahren-2016.pdf\">160828 Programm_AK Naturgefahren 2016<\/a><a href=\"https:\/\/ak-naturgefahr.web.th-koeln.de\/wp-content\/uploads\/2024\/05\/170918-Zusammenfassung-29-AK.pdf\">\u00a0<br \/>160918 Zusammenfassung-29-AK<\/a><\/p>\n<p>2014<\/p>\n<p><a href=\"https:\/\/ak-naturgefahr.web.th-koeln.de\/wp-content\/uploads\/2024\/05\/140311-CfP_27_AK_koeln_final_print.pdf\">140311 CfP_27_AK_koeln_final_print<\/a> <br \/><a href=\"https:\/\/ak-naturgefahr.web.th-koeln.de\/wp-content\/uploads\/2024\/05\/141117-AK-27_Programm_FH-Koeln_aktualisiert_13_11_14.pdf\">141117 AK 27_Programm_FH Koeln_aktualisiert_13_11_14<\/a>\u00a0<\/p>\n<p>2013<\/p>\n<p><a href=\"https:\/\/ak-naturgefahr.web.th-koeln.de\/wp-content\/uploads\/2024\/05\/130705_CfP_26_AK_Passau.pdf\">130705_CfP_26_AK_Passau<\/a>\u00a0<\/p>\n<p>2010<\/p>\n<p><a href=\"https:\/\/ak-naturgefahr.web.th-koeln.de\/wp-content\/uploads\/2024\/05\/100426-Call-for-Papers-Osnabrueck.pdf\">100426 Call for Papers Osnabr\u00fcck<\/a><\/p>\n\n\n<p><\/p>\n","protected":false},"excerpt":{"rendered":"<p>Ziel des Arbeitskreises ist es, seine Diskussionen und Ergebnisse einem breiteren Publikum zug\u00e4nglich zu machen und die aktuelle nationale und internationale wissenschaftliche Diskussion zu dokumentieren und beeinflussen. Daher sind in der Vergangenheit aus einzelnen Treffen des Arbeitskreises und ihren jeweiligen <a href=\"https:\/\/ak-naturgefahr.web.th-koeln.de\/?page_id=19\" class=\"read-more\">Read More &#8230;<\/a><\/p>\n","protected":false},"author":1,"featured_media":0,"parent":0,"menu_order":0,"comment_status":"closed","ping_status":"closed","template":"","meta":{"footnotes":""},"class_list":["post-19","page","type-page","status-publish","hentry"],"_links":{"self":[{"href":"https:\/\/ak-naturgefahr.web.th-koeln.de\/index.php?rest_route=\/wp\/v2\/pages\/19","targetHints":{"allow":["GET"]}}],"collection":[{"href":"https:\/\/ak-naturgefahr.web.th-koeln.de\/index.php?rest_route=\/wp\/v2\/pages"}],"about":[{"href":"https:\/\/ak-naturgefahr.web.th-koeln.de\/index.php?rest_route=\/wp\/v2\/types\/page"}],"author":[{"embeddable":true,"href":"https:\/\/ak-naturgefahr.web.th-koeln.de\/index.php?rest_route=\/wp\/v2\/users\/1"}],"replies":[{"embeddable":true,"href":"https:\/\/ak-naturgefahr.web.th-koeln.de\/index.php?rest_route=%2Fwp%2Fv2%2Fcomments&post=19"}],"version-history":[{"count":7,"href":"https:\/\/ak-naturgefahr.web.th-koeln.de\/index.php?rest_route=\/wp\/v2\/pages\/19\/revisions"}],"predecessor-version":[{"id":203,"href":"https:\/\/ak-naturgefahr.web.th-koeln.de\/index.php?rest_route=\/wp\/v2\/pages\/19\/revisions\/203"}],"wp:attachment":[{"href":"https:\/\/ak-naturgefahr.web.th-koeln.de\/index.php?rest_route=%2Fwp%2Fv2%2Fmedia&parent=19"}],"curies":[{"name":"wp","href":"https:\/\/api.w.org\/{rel}","templated":true}]}}